{"id":90,"date":"2025-02-23T21:30:15","date_gmt":"2025-02-23T20:30:15","guid":{"rendered":"https:\/\/facade-renovations.fr\/?page_id=90"},"modified":"2025-10-24T17:26:02","modified_gmt":"2025-10-24T15:26:02","slug":"accueil","status":"publish","type":"page","link":"https:\/\/facade-renovations.fr\/","title":{"rendered":"Accueil"},"content":{"rendered":"\n<div style=\"height:203px\" aria-hidden=\"true\" class=\"wp-block-spacer\"><\/div>\n\n\n\n<div class=\"wp-block-columns is-layout-flex wp-container-core-columns-is-layout-9d6595d7 wp-block-columns-is-layout-flex\">\n<div class=\"wp-block-column is-layout-flow wp-block-column-is-layout-flow\">\n<h3 class=\"wp-block-heading\"><strong>Fa\u00e7ade<\/strong> R\u00e9nov<\/h3>\n\n\n\n<p>Depuis de nombreuses ann\u00e9es, <strong>Fa\u00e7ade R\u00e9nov<\/strong> met son savoir-faire au service des particuliers et des entreprises dans le <strong>Nord de la France<\/strong>. Sp\u00e9cialistes de la r\u00e9novation et du ravalement de fa\u00e7ades, nous redonnons vie \u00e0 vos b\u00e2timents en alliant tradition et modernit\u00e9.<\/p>\n<\/div>\n\n\n\n<div class=\"wp-block-column is-layout-flow wp-block-column-is-layout-flow\">\n<h3 class=\"wp-block-heading\"><strong>Pourquoi choisir Fa\u00e7ade R\u00e9nov ?<\/strong><\/h3>\n\n\n\n<p>\u2714 <strong>Une expertise reconnue<\/strong> : Forte d\u2019une longue exp\u00e9rience, notre entreprise ma\u00eetrise toutes les techniques de r\u00e9novation, qu\u2019il s\u2019agisse de fa\u00e7ades en brique, en pierre ou enduites.<br>\u2714 <strong>Une \u00e9quipe r\u00e9active<\/strong> : Nos professionnels interviennent rapidement pour vous conseiller et r\u00e9aliser vos travaux dans les meilleurs d\u00e9lais.<br>\u2714 <strong>Un accompagnement personnalis\u00e9<\/strong> : Chaque projet est unique, c\u2019est pourquoi nous vous offrons des solutions adapt\u00e9es \u00e0 vos besoins et \u00e0 votre budget.<\/p>\n<\/div>\n<\/div>\n\n\n\n<div class=\"wp-block-columns is-layout-flex wp-container-core-columns-is-layout-9d6595d7 wp-block-columns-is-layout-flex\">\n<div class=\"wp-block-column is-layout-flow wp-block-column-is-layout-flow\">\n<p class=\"has-text-align-center has-medium-font-size\">Faites confiance \u00e0 <strong>Fa\u00e7ade R\u00e9nov<\/strong> pour redonner \u00e9clat et protection \u00e0 vos murs,<\/p>\n\n\n\n<p class=\"has-text-align-center has-medium-font-size\"> et profitez d\u2019un service de qualit\u00e9 alliant performance et esth\u00e9tique<\/p>\n\n\n\n<p class=\"has-text-align-center has-medium-font-size\"> \ud83d\udcde <strong>Contactez-nous d\u00e8s aujourd\u2019hui pour un devis gratuit !<\/strong><\/p>\n<\/div>\n<\/div>\n\n\n<div class=\"wp-block-image\">\n<figure class=\"aligncenter size-full is-resized\"><a href=\"tel:+33677984097\"><img loading=\"lazy\" decoding=\"async\" width=\"980\" height=\"980\" src=\"https:\/\/facade-renovations.fr\/wp-content\/uploads\/2025\/04\/telephone-and-mobile-phone-icon-calling-icon-transparent-background-free-png-1.webp\" alt=\"\" class=\"wp-image-337\" style=\"width:213px;height:auto\" srcset=\"https:\/\/facade-renovations.fr\/wp-content\/uploads\/2025\/04\/telephone-and-mobile-phone-icon-calling-icon-transparent-background-free-png-1.webp 980w, https:\/\/facade-renovations.fr\/wp-content\/uploads\/2025\/04\/telephone-and-mobile-phone-icon-calling-icon-transparent-background-free-png-1-300x300.webp 300w, https:\/\/facade-renovations.fr\/wp-content\/uploads\/2025\/04\/telephone-and-mobile-phone-icon-calling-icon-transparent-background-free-png-1-150x150.webp 150w, https:\/\/facade-renovations.fr\/wp-content\/uploads\/2025\/04\/telephone-and-mobile-phone-icon-calling-icon-transparent-background-free-png-1-768x768.webp 768w\" sizes=\"auto, (max-width: 980px) 100vw, 980px\" \/><\/a><\/figure>\n<\/div>\n\n<div class=\"wp-block-image\">\n<figure class=\"aligncenter size-full is-resized\"><a href=\"mailto:facaderenov02@gmail.com\"><img loading=\"lazy\" decoding=\"async\" width=\"1024\" height=\"1024\" src=\"https:\/\/facade-renovations.fr\/wp-content\/uploads\/2025\/04\/file-tk-email-icon-svg-28.png\" alt=\"\" class=\"wp-image-339\" style=\"width:171px;height:auto\" srcset=\"https:\/\/facade-renovations.fr\/wp-content\/uploads\/2025\/04\/file-tk-email-icon-svg-28.png 1024w, https:\/\/facade-renovations.fr\/wp-content\/uploads\/2025\/04\/file-tk-email-icon-svg-28-300x300.png 300w, https:\/\/facade-renovations.fr\/wp-content\/uploads\/2025\/04\/file-tk-email-icon-svg-28-150x150.png 150w, https:\/\/facade-renovations.fr\/wp-content\/uploads\/2025\/04\/file-tk-email-icon-svg-28-768x768.png 768w\" sizes=\"auto, (max-width: 1024px) 100vw, 1024px\" \/><\/a><\/figure>\n<\/div>\n\n\n<p><\/p>\n","protected":false},"excerpt":{"rendered":"<p>Fa\u00e7ade R\u00e9nov Depuis de nombreuses ann\u00e9es, Fa\u00e7ade R\u00e9nov met son savoir-faire au service des particuliers et des entreprises dans le Nord de la France. Sp\u00e9cialistes de la r\u00e9novation et du ravalement de fa\u00e7ades, nous redonnons vie \u00e0 vos b\u00e2timents en alliant tradition et modernit\u00e9. Pourquoi choisir Fa\u00e7ade R\u00e9nov ? \u2714 Une expertise reconnue : Forte [&hellip;]<\/p>\n","protected":false},"author":1,"featured_media":0,"parent":0,"menu_order":0,"comment_status":"closed","ping_status":"closed","template":"","meta":{"footnotes":""},"class_list":["post-90","page","type-page","status-publish","hentry"],"_links":{"self":[{"href":"https:\/\/facade-renovations.fr\/index.php?rest_route=\/wp\/v2\/pages\/90","targetHints":{"allow":["GET"]}}],"collection":[{"href":"https:\/\/facade-renovations.fr\/index.php?rest_route=\/wp\/v2\/pages"}],"about":[{"href":"https:\/\/facade-renovations.fr\/index.php?rest_route=\/wp\/v2\/types\/page"}],"author":[{"embeddable":true,"href":"https:\/\/facade-renovations.fr\/index.php?rest_route=\/wp\/v2\/users\/1"}],"replies":[{"embeddable":true,"href":"https:\/\/facade-renovations.fr\/index.php?rest_route=%2Fwp%2Fv2%2Fcomments&post=90"}],"version-history":[{"count":31,"href":"https:\/\/facade-renovations.fr\/index.php?rest_route=\/wp\/v2\/pages\/90\/revisions"}],"predecessor-version":[{"id":345,"href":"https:\/\/facade-renovations.fr\/index.php?rest_route=\/wp\/v2\/pages\/90\/revisions\/345"}],"wp:attachment":[{"href":"https:\/\/facade-renovations.fr\/index.php?rest_route=%2Fwp%2Fv2%2Fmedia&parent=90"}],"curies":[{"name":"wp","href":"https:\/\/api.w.org\/{rel}","templated":true}]}}