{"id":121,"date":"2025-02-23T22:46:50","date_gmt":"2025-02-23T21:46:50","guid":{"rendered":"https:\/\/facade-renovations.fr\/?page_id=121"},"modified":"2025-03-10T14:54:56","modified_gmt":"2025-03-10T13:54:56","slug":"nettoyage-et-restauration-de-sepultures-un-hommage-dans-la-duree","status":"publish","type":"page","link":"https:\/\/facade-renovations.fr\/?page_id=121","title":{"rendered":"Nettoyage Sablage S\u00e9pultures"},"content":{"rendered":"\n<div style=\"height:100px\" aria-hidden=\"true\" class=\"wp-block-spacer\"><\/div>\n\n\n\n<div style=\"height:100px\" aria-hidden=\"true\" class=\"wp-block-spacer\"><\/div>\n\n\n\n<p><\/p>\n\n\n\n<div class=\"wp-block-columns is-layout-flex wp-container-core-columns-is-layout-9d6595d7 wp-block-columns-is-layout-flex\">\n<div class=\"wp-block-column is-layout-flow wp-block-column-is-layout-flow\">\n<p class=\"has-medium-font-size\"><strong> Un Hommage dans la Dur\u00e9e<\/strong><\/p>\n\n\n\n<p>Parce que le temps et les intemp\u00e9ries d\u00e9t\u00e9riorent les pierres tombales et monuments fun\u00e9raires, <strong>Renov Fa\u00e7ade<\/strong> propose un service d\u00e9di\u00e9 au <strong>nettoyage Sablage et \u00e0 la restauration des s\u00e9pultures<\/strong> :<br>\u2714 <strong>Nettoyage en profondeur<\/strong> : \u00c9limination des mousses, lichens et traces de pollution sur les pierres tombales, st\u00e8les et caveaux.<br>\u2714 <strong>Traitement hydrofuge et anti-mousse<\/strong> pour pr\u00e9server la pierre et ralentir son vieillissement.<br>\u2714 <strong>R\u00e9fection des inscriptions<\/strong> <strong>Sablage<\/strong>: R\u00e9novation des gravures pour une meilleure lisibilit\u00e9.<br>\u2714 <strong>R\u00e9paration de fissures et consolidation<\/strong> pour garantir la solidit\u00e9 du monument fun\u00e9raire.<\/p>\n<\/div>\n\n\n\n<div class=\"wp-block-column is-layout-flow wp-block-column-is-layout-flow\"><\/div>\n<\/div>\n\n\n\n<div class=\"wp-block-columns is-layout-flex wp-container-core-columns-is-layout-9d6595d7 wp-block-columns-is-layout-flex\">\n<div class=\"wp-block-column is-layout-flow wp-block-column-is-layout-flow\">\n<div class=\"wp-block-columns is-layout-flex wp-container-core-columns-is-layout-9d6595d7 wp-block-columns-is-layout-flex\">\n<div class=\"wp-block-column is-layout-flow wp-block-column-is-layout-flow\"><\/div>\n\n\n\n<div class=\"wp-block-column is-layout-flow wp-block-column-is-layout-flow\"><\/div>\n<\/div>\n<\/div>\n\n\n\n<div class=\"wp-block-column is-layout-flow wp-block-column-is-layout-flow\">\n<div class=\"wp-block-columns is-layout-flex wp-container-core-columns-is-layout-9d6595d7 wp-block-columns-is-layout-flex\">\n<div class=\"wp-block-column is-layout-flow wp-block-column-is-layout-flow\"><\/div>\n\n\n\n<div class=\"wp-block-column is-layout-flow wp-block-column-is-layout-flow\"><\/div>\n<\/div>\n<\/div>\n<\/div>\n","protected":false},"excerpt":{"rendered":"<p>Un Hommage dans la Dur\u00e9e Parce que le temps et les intemp\u00e9ries d\u00e9t\u00e9riorent les pierres tombales et monuments fun\u00e9raires, Renov Fa\u00e7ade propose un service d\u00e9di\u00e9 au nettoyage Sablage et \u00e0 la restauration des s\u00e9pultures :\u2714 Nettoyage en profondeur : \u00c9limination des mousses, lichens et traces de pollution sur les pierres tombales, st\u00e8les et caveaux.\u2714 Traitement [&hellip;]<\/p>\n","protected":false},"author":1,"featured_media":0,"parent":0,"menu_order":0,"comment_status":"closed","ping_status":"closed","template":"","meta":{"footnotes":""},"class_list":["post-121","page","type-page","status-publish","hentry"],"_links":{"self":[{"href":"https:\/\/facade-renovations.fr\/index.php?rest_route=\/wp\/v2\/pages\/121","targetHints":{"allow":["GET"]}}],"collection":[{"href":"https:\/\/facade-renovations.fr\/index.php?rest_route=\/wp\/v2\/pages"}],"about":[{"href":"https:\/\/facade-renovations.fr\/index.php?rest_route=\/wp\/v2\/types\/page"}],"author":[{"embeddable":true,"href":"https:\/\/facade-renovations.fr\/index.php?rest_route=\/wp\/v2\/users\/1"}],"replies":[{"embeddable":true,"href":"https:\/\/facade-renovations.fr\/index.php?rest_route=%2Fwp%2Fv2%2Fcomments&post=121"}],"version-history":[{"count":11,"href":"https:\/\/facade-renovations.fr\/index.php?rest_route=\/wp\/v2\/pages\/121\/revisions"}],"predecessor-version":[{"id":226,"href":"https:\/\/facade-renovations.fr\/index.php?rest_route=\/wp\/v2\/pages\/121\/revisions\/226"}],"wp:attachment":[{"href":"https:\/\/facade-renovations.fr\/index.php?rest_route=%2Fwp%2Fv2%2Fmedia&parent=121"}],"curies":[{"name":"wp","href":"https:\/\/api.w.org\/{rel}","templated":true}]}}