{"id":119,"date":"2025-02-23T22:44:38","date_gmt":"2025-02-23T21:44:38","guid":{"rendered":"https:\/\/facade-renovations.fr\/?page_id=119"},"modified":"2025-04-01T10:59:28","modified_gmt":"2025-04-01T08:59:28","slug":"petite-maconnerie-travaux-complementaires-pour-une-facade-parfaite","status":"publish","type":"page","link":"https:\/\/facade-renovations.fr\/?page_id=119","title":{"rendered":"Petite Ma\u00e7onnerie"},"content":{"rendered":"\n<div style=\"height:100px\" aria-hidden=\"true\" class=\"wp-block-spacer\"><\/div>\n\n\n\n<div style=\"height:100px\" aria-hidden=\"true\" class=\"wp-block-spacer\"><\/div>\n\n\n\n<p class=\"has-medium-font-size\"><strong>Travaux Compl\u00e9mentaires pour une Fa\u00e7ade Parfaite<\/strong><\/p>\n\n\n\n<div class=\"wp-block-columns is-layout-flex wp-container-core-columns-is-layout-9d6595d7 wp-block-columns-is-layout-flex\">\n<div class=\"wp-block-column is-layout-flow wp-block-column-is-layout-flow\">\n<p>En plus du ravalement et du rejointoiement, nous r\u00e9alisons des <strong>travaux de petite ma\u00e7onnerie<\/strong> pour garantir une fa\u00e7ade solide et esth\u00e9tique :<br>\u2714 <strong>Reconstruction de parties endommag\u00e9es<\/strong> : Remplacement de briques ab\u00eem\u00e9es ou effrit\u00e9es.<br>\u2714 <strong>R\u00e9alisation d\u2019appuis de fen\u00eatres et seuils en ma\u00e7onnerie<\/strong> pour renforcer et embellir vos ouvertures.<br>\u2714 <strong>R\u00e9paration des corniches et soubassements<\/strong> pour \u00e9viter les infiltrations et pr\u00e9server la structure du b\u00e2timent.<br>\u2714 <strong>Cr\u00e9ation ou rebouchage d\u2019ouvertures murales<\/strong> selon vos besoins.<\/p>\n<\/div>\n\n\n\n<div class=\"wp-block-column is-layout-flow wp-block-column-is-layout-flow\"><\/div>\n<\/div>\n\n\n\n<figure class=\"wp-block-gallery has-nested-images columns-default is-cropped wp-block-gallery-1 is-layout-flex wp-block-gallery-is-layout-flex\">\n<figure class=\"wp-block-image size-large\"><img loading=\"lazy\" decoding=\"async\" width=\"1024\" height=\"768\" data-id=\"277\" src=\"https:\/\/facade-renovations.fr\/wp-content\/uploads\/2025\/04\/IMG-20250401-WA0043-1024x768.jpg\" alt=\"\" class=\"wp-image-277\" srcset=\"https:\/\/facade-renovations.fr\/wp-content\/uploads\/2025\/04\/IMG-20250401-WA0043-1024x768.jpg 1024w, https:\/\/facade-renovations.fr\/wp-content\/uploads\/2025\/04\/IMG-20250401-WA0043-300x225.jpg 300w, https:\/\/facade-renovations.fr\/wp-content\/uploads\/2025\/04\/IMG-20250401-WA0043-768x576.jpg 768w, https:\/\/facade-renovations.fr\/wp-content\/uploads\/2025\/04\/IMG-20250401-WA0043-1536x1152.jpg 1536w, https:\/\/facade-renovations.fr\/wp-content\/uploads\/2025\/04\/IMG-20250401-WA0043.jpg 1600w\" sizes=\"auto, (max-width: 1024px) 100vw, 1024px\" \/><\/figure>\n\n\n\n<figure class=\"wp-block-image size-large\"><img loading=\"lazy\" decoding=\"async\" width=\"1024\" height=\"768\" data-id=\"276\" src=\"https:\/\/facade-renovations.fr\/wp-content\/uploads\/2025\/04\/IMG-20250401-WA0042-1024x768.jpg\" alt=\"\" class=\"wp-image-276\" srcset=\"https:\/\/facade-renovations.fr\/wp-content\/uploads\/2025\/04\/IMG-20250401-WA0042-1024x768.jpg 1024w, https:\/\/facade-renovations.fr\/wp-content\/uploads\/2025\/04\/IMG-20250401-WA0042-300x225.jpg 300w, https:\/\/facade-renovations.fr\/wp-content\/uploads\/2025\/04\/IMG-20250401-WA0042-768x576.jpg 768w, https:\/\/facade-renovations.fr\/wp-content\/uploads\/2025\/04\/IMG-20250401-WA0042-1536x1152.jpg 1536w, https:\/\/facade-renovations.fr\/wp-content\/uploads\/2025\/04\/IMG-20250401-WA0042.jpg 1600w\" sizes=\"auto, (max-width: 1024px) 100vw, 1024px\" \/><\/figure>\n\n\n\n<figure class=\"wp-block-image size-large\"><img loading=\"lazy\" decoding=\"async\" width=\"1024\" height=\"768\" data-id=\"275\" src=\"https:\/\/facade-renovations.fr\/wp-content\/uploads\/2025\/04\/IMG-20250401-WA0041-1024x768.jpg\" alt=\"\" class=\"wp-image-275\" srcset=\"https:\/\/facade-renovations.fr\/wp-content\/uploads\/2025\/04\/IMG-20250401-WA0041-1024x768.jpg 1024w, https:\/\/facade-renovations.fr\/wp-content\/uploads\/2025\/04\/IMG-20250401-WA0041-300x225.jpg 300w, https:\/\/facade-renovations.fr\/wp-content\/uploads\/2025\/04\/IMG-20250401-WA0041-768x576.jpg 768w, https:\/\/facade-renovations.fr\/wp-content\/uploads\/2025\/04\/IMG-20250401-WA0041-1536x1152.jpg 1536w, https:\/\/facade-renovations.fr\/wp-content\/uploads\/2025\/04\/IMG-20250401-WA0041.jpg 1600w\" sizes=\"auto, (max-width: 1024px) 100vw, 1024px\" \/><\/figure>\n\n\n\n<figure class=\"wp-block-image size-large\"><img loading=\"lazy\" decoding=\"async\" width=\"1024\" height=\"768\" data-id=\"272\" src=\"https:\/\/facade-renovations.fr\/wp-content\/uploads\/2025\/04\/IMG-20250401-WA0038-1024x768.jpg\" alt=\"\" class=\"wp-image-272\" srcset=\"https:\/\/facade-renovations.fr\/wp-content\/uploads\/2025\/04\/IMG-20250401-WA0038-1024x768.jpg 1024w, https:\/\/facade-renovations.fr\/wp-content\/uploads\/2025\/04\/IMG-20250401-WA0038-300x225.jpg 300w, https:\/\/facade-renovations.fr\/wp-content\/uploads\/2025\/04\/IMG-20250401-WA0038-768x576.jpg 768w, https:\/\/facade-renovations.fr\/wp-content\/uploads\/2025\/04\/IMG-20250401-WA0038-1536x1152.jpg 1536w, https:\/\/facade-renovations.fr\/wp-content\/uploads\/2025\/04\/IMG-20250401-WA0038.jpg 1600w\" sizes=\"auto, (max-width: 1024px) 100vw, 1024px\" \/><\/figure>\n\n\n\n<figure class=\"wp-block-image size-large\"><img loading=\"lazy\" decoding=\"async\" width=\"1024\" height=\"768\" data-id=\"281\" src=\"https:\/\/facade-renovations.fr\/wp-content\/uploads\/2025\/04\/IMG-20250401-WA0047-1024x768.jpg\" alt=\"\" class=\"wp-image-281\" srcset=\"https:\/\/facade-renovations.fr\/wp-content\/uploads\/2025\/04\/IMG-20250401-WA0047-1024x768.jpg 1024w, https:\/\/facade-renovations.fr\/wp-content\/uploads\/2025\/04\/IMG-20250401-WA0047-300x225.jpg 300w, https:\/\/facade-renovations.fr\/wp-content\/uploads\/2025\/04\/IMG-20250401-WA0047-768x576.jpg 768w, https:\/\/facade-renovations.fr\/wp-content\/uploads\/2025\/04\/IMG-20250401-WA0047-1536x1152.jpg 1536w, https:\/\/facade-renovations.fr\/wp-content\/uploads\/2025\/04\/IMG-20250401-WA0047.jpg 1600w\" sizes=\"auto, (max-width: 1024px) 100vw, 1024px\" \/><\/figure>\n<\/figure>\n","protected":false},"excerpt":{"rendered":"<p>Travaux Compl\u00e9mentaires pour une Fa\u00e7ade Parfaite En plus du ravalement et du rejointoiement, nous r\u00e9alisons des travaux de petite ma\u00e7onnerie pour garantir une fa\u00e7ade solide et esth\u00e9tique :\u2714 Reconstruction de parties endommag\u00e9es : Remplacement de briques ab\u00eem\u00e9es ou effrit\u00e9es.\u2714 R\u00e9alisation d\u2019appuis de fen\u00eatres et seuils en ma\u00e7onnerie pour renforcer et embellir vos ouvertures.\u2714 R\u00e9paration des [&hellip;]<\/p>\n","protected":false},"author":1,"featured_media":0,"parent":0,"menu_order":0,"comment_status":"closed","ping_status":"closed","template":"","meta":{"footnotes":""},"class_list":["post-119","page","type-page","status-publish","hentry"],"_links":{"self":[{"href":"https:\/\/facade-renovations.fr\/index.php?rest_route=\/wp\/v2\/pages\/119","targetHints":{"allow":["GET"]}}],"collection":[{"href":"https:\/\/facade-renovations.fr\/index.php?rest_route=\/wp\/v2\/pages"}],"about":[{"href":"https:\/\/facade-renovations.fr\/index.php?rest_route=\/wp\/v2\/types\/page"}],"author":[{"embeddable":true,"href":"https:\/\/facade-renovations.fr\/index.php?rest_route=\/wp\/v2\/users\/1"}],"replies":[{"embeddable":true,"href":"https:\/\/facade-renovations.fr\/index.php?rest_route=%2Fwp%2Fv2%2Fcomments&post=119"}],"version-history":[{"count":5,"href":"https:\/\/facade-renovations.fr\/index.php?rest_route=\/wp\/v2\/pages\/119\/revisions"}],"predecessor-version":[{"id":320,"href":"https:\/\/facade-renovations.fr\/index.php?rest_route=\/wp\/v2\/pages\/119\/revisions\/320"}],"wp:attachment":[{"href":"https:\/\/facade-renovations.fr\/index.php?rest_route=%2Fwp%2Fv2%2Fmedia&parent=119"}],"curies":[{"name":"wp","href":"https:\/\/api.w.org\/{rel}","templated":true}]}}