{"id":117,"date":"2025-02-23T22:42:34","date_gmt":"2025-02-23T21:42:34","guid":{"rendered":"https:\/\/facade-renovations.fr\/?page_id=117"},"modified":"2025-04-01T11:01:50","modified_gmt":"2025-04-01T09:01:50","slug":"ravalement-de-facade-une-seconde-vie-pour-votre-batiment","status":"publish","type":"page","link":"https:\/\/facade-renovations.fr\/?page_id=117","title":{"rendered":"Ravalement de Fa\u00e7ade"},"content":{"rendered":"\n<div style=\"height:100px\" aria-hidden=\"true\" class=\"wp-block-spacer\"><\/div>\n\n\n\n<div style=\"height:100px\" aria-hidden=\"true\" class=\"wp-block-spacer\"><\/div>\n\n\n\n<p class=\"has-medium-font-size\"><strong>Une Seconde Vie pour Votre B\u00e2timent<\/strong><\/p>\n\n\n\n<div class=\"wp-block-columns is-layout-flex wp-container-core-columns-is-layout-9d6595d7 wp-block-columns-is-layout-flex\">\n<div class=\"wp-block-column is-layout-flow wp-block-column-is-layout-flow\">\n<p>Un ravalement r\u00e9ussi am\u00e9liore l\u2019apparence de votre bien tout en renfor\u00e7ant sa r\u00e9sistance. Nous r\u00e9alisons :<br>\u2714 <strong>Application d\u2019enduits sp\u00e9cifiques<\/strong> (chaux, monocouche, gratt\u00e9, projet\u00e9) adapt\u00e9s \u00e0 votre fa\u00e7ade.<br>\u2714 <strong>R\u00e9paration des fissures<\/strong> pour une structure plus r\u00e9sistante.<br>\u2714 <strong>Peinture et rev\u00eatements de protection<\/strong> assurant une finition impeccable et une meilleure long\u00e9vit\u00e9.<\/p>\n<\/div>\n\n\n\n<div class=\"wp-block-column is-layout-flow wp-block-column-is-layout-flow\"><\/div>\n<\/div>\n\n\n\n<div class=\"wp-block-columns is-layout-flex wp-container-core-columns-is-layout-9d6595d7 wp-block-columns-is-layout-flex\">\n<div class=\"wp-block-column is-layout-flow wp-block-column-is-layout-flow\">\n<div class=\"wp-block-columns is-layout-flex wp-container-core-columns-is-layout-9d6595d7 wp-block-columns-is-layout-flex\">\n<div class=\"wp-block-column is-layout-flow wp-block-column-is-layout-flow\">\n<figure class=\"wp-block-image size-large\"><img loading=\"lazy\" decoding=\"async\" width=\"1024\" height=\"576\" src=\"https:\/\/facade-renovations.fr\/wp-content\/uploads\/2025\/02\/IMG-20250228-WA0021-1024x576.jpg\" alt=\"\" class=\"wp-image-205\" srcset=\"https:\/\/facade-renovations.fr\/wp-content\/uploads\/2025\/02\/IMG-20250228-WA0021-1024x576.jpg 1024w, https:\/\/facade-renovations.fr\/wp-content\/uploads\/2025\/02\/IMG-20250228-WA0021-300x169.jpg 300w, https:\/\/facade-renovations.fr\/wp-content\/uploads\/2025\/02\/IMG-20250228-WA0021-768x432.jpg 768w, https:\/\/facade-renovations.fr\/wp-content\/uploads\/2025\/02\/IMG-20250228-WA0021-1536x864.jpg 1536w, https:\/\/facade-renovations.fr\/wp-content\/uploads\/2025\/02\/IMG-20250228-WA0021.jpg 1600w\" sizes=\"auto, (max-width: 1024px) 100vw, 1024px\" \/><\/figure>\n<\/div>\n\n\n\n<div class=\"wp-block-column is-layout-flow wp-block-column-is-layout-flow\">\n<figure class=\"wp-block-image size-large\"><img loading=\"lazy\" decoding=\"async\" width=\"1024\" height=\"576\" src=\"https:\/\/facade-renovations.fr\/wp-content\/uploads\/2025\/02\/IMG-20250228-WA0020-1024x576.jpg\" alt=\"\" class=\"wp-image-206\" srcset=\"https:\/\/facade-renovations.fr\/wp-content\/uploads\/2025\/02\/IMG-20250228-WA0020-1024x576.jpg 1024w, https:\/\/facade-renovations.fr\/wp-content\/uploads\/2025\/02\/IMG-20250228-WA0020-300x169.jpg 300w, https:\/\/facade-renovations.fr\/wp-content\/uploads\/2025\/02\/IMG-20250228-WA0020-768x432.jpg 768w, https:\/\/facade-renovations.fr\/wp-content\/uploads\/2025\/02\/IMG-20250228-WA0020-1536x864.jpg 1536w, https:\/\/facade-renovations.fr\/wp-content\/uploads\/2025\/02\/IMG-20250228-WA0020.jpg 1600w\" sizes=\"auto, (max-width: 1024px) 100vw, 1024px\" \/><\/figure>\n<\/div>\n<\/div>\n<\/div>\n\n\n\n<div class=\"wp-block-column is-layout-flow wp-block-column-is-layout-flow\">\n<div class=\"wp-block-columns is-layout-flex wp-container-core-columns-is-layout-9d6595d7 wp-block-columns-is-layout-flex\">\n<div class=\"wp-block-column is-layout-flow wp-block-column-is-layout-flow\">\n<figure class=\"wp-block-image size-large\"><img loading=\"lazy\" decoding=\"async\" width=\"1024\" height=\"768\" src=\"https:\/\/facade-renovations.fr\/wp-content\/uploads\/2025\/02\/IMG-20250228-WA0029-1024x768.jpg\" alt=\"\" class=\"wp-image-207\" srcset=\"https:\/\/facade-renovations.fr\/wp-content\/uploads\/2025\/02\/IMG-20250228-WA0029-1024x768.jpg 1024w, https:\/\/facade-renovations.fr\/wp-content\/uploads\/2025\/02\/IMG-20250228-WA0029-300x225.jpg 300w, https:\/\/facade-renovations.fr\/wp-content\/uploads\/2025\/02\/IMG-20250228-WA0029-768x576.jpg 768w, https:\/\/facade-renovations.fr\/wp-content\/uploads\/2025\/02\/IMG-20250228-WA0029-1536x1152.jpg 1536w, https:\/\/facade-renovations.fr\/wp-content\/uploads\/2025\/02\/IMG-20250228-WA0029.jpg 1600w\" sizes=\"auto, (max-width: 1024px) 100vw, 1024px\" \/><\/figure>\n<\/div>\n\n\n\n<div class=\"wp-block-column is-layout-flow wp-block-column-is-layout-flow\">\n<figure class=\"wp-block-image size-large\"><img loading=\"lazy\" decoding=\"async\" width=\"1024\" height=\"768\" src=\"https:\/\/facade-renovations.fr\/wp-content\/uploads\/2025\/02\/IMG-20250228-WA0026-1024x768.jpg\" alt=\"\" class=\"wp-image-208\" srcset=\"https:\/\/facade-renovations.fr\/wp-content\/uploads\/2025\/02\/IMG-20250228-WA0026-1024x768.jpg 1024w, https:\/\/facade-renovations.fr\/wp-content\/uploads\/2025\/02\/IMG-20250228-WA0026-300x225.jpg 300w, https:\/\/facade-renovations.fr\/wp-content\/uploads\/2025\/02\/IMG-20250228-WA0026-768x576.jpg 768w, https:\/\/facade-renovations.fr\/wp-content\/uploads\/2025\/02\/IMG-20250228-WA0026-1536x1152.jpg 1536w, https:\/\/facade-renovations.fr\/wp-content\/uploads\/2025\/02\/IMG-20250228-WA0026.jpg 1600w\" sizes=\"auto, (max-width: 1024px) 100vw, 1024px\" \/><\/figure>\n<\/div>\n<\/div>\n<\/div>\n<\/div>\n\n\n\n<div class=\"wp-block-columns is-layout-flex wp-container-core-columns-is-layout-9d6595d7 wp-block-columns-is-layout-flex\">\n<div class=\"wp-block-column is-layout-flow wp-block-column-is-layout-flow\">\n<div class=\"wp-block-columns is-layout-flex wp-container-core-columns-is-layout-9d6595d7 wp-block-columns-is-layout-flex\">\n<div class=\"wp-block-column is-layout-flow wp-block-column-is-layout-flow\">\n<figure class=\"wp-block-image size-large\"><img loading=\"lazy\" decoding=\"async\" width=\"768\" height=\"1024\" src=\"https:\/\/facade-renovations.fr\/wp-content\/uploads\/2025\/02\/IMG-20250228-WA0023-768x1024.jpg\" alt=\"\" class=\"wp-image-209\" srcset=\"https:\/\/facade-renovations.fr\/wp-content\/uploads\/2025\/02\/IMG-20250228-WA0023-768x1024.jpg 768w, https:\/\/facade-renovations.fr\/wp-content\/uploads\/2025\/02\/IMG-20250228-WA0023-225x300.jpg 225w, https:\/\/facade-renovations.fr\/wp-content\/uploads\/2025\/02\/IMG-20250228-WA0023-1152x1536.jpg 1152w, https:\/\/facade-renovations.fr\/wp-content\/uploads\/2025\/02\/IMG-20250228-WA0023.jpg 1200w\" sizes=\"auto, (max-width: 768px) 100vw, 768px\" \/><\/figure>\n<\/div>\n\n\n\n<div class=\"wp-block-column is-layout-flow wp-block-column-is-layout-flow\">\n<figure class=\"wp-block-image size-large is-resized\"><img loading=\"lazy\" decoding=\"async\" width=\"576\" height=\"1024\" src=\"https:\/\/facade-renovations.fr\/wp-content\/uploads\/2025\/02\/IMG-20250228-WA0027-576x1024.jpg\" alt=\"\" class=\"wp-image-211\" style=\"width:193px;height:auto\" srcset=\"https:\/\/facade-renovations.fr\/wp-content\/uploads\/2025\/02\/IMG-20250228-WA0027-576x1024.jpg 576w, https:\/\/facade-renovations.fr\/wp-content\/uploads\/2025\/02\/IMG-20250228-WA0027-169x300.jpg 169w, https:\/\/facade-renovations.fr\/wp-content\/uploads\/2025\/02\/IMG-20250228-WA0027-768x1365.jpg 768w, https:\/\/facade-renovations.fr\/wp-content\/uploads\/2025\/02\/IMG-20250228-WA0027-864x1536.jpg 864w, https:\/\/facade-renovations.fr\/wp-content\/uploads\/2025\/02\/IMG-20250228-WA0027.jpg 900w\" sizes=\"auto, (max-width: 576px) 100vw, 576px\" \/><\/figure>\n<\/div>\n<\/div>\n<\/div>\n\n\n\n<div class=\"wp-block-column is-layout-flow wp-block-column-is-layout-flow\">\n<div class=\"wp-block-columns is-layout-flex wp-container-core-columns-is-layout-9d6595d7 wp-block-columns-is-layout-flex\">\n<div class=\"wp-block-column is-layout-flow wp-block-column-is-layout-flow\">\n<figure class=\"wp-block-image size-large\"><img loading=\"lazy\" decoding=\"async\" width=\"1024\" height=\"880\" src=\"https:\/\/facade-renovations.fr\/wp-content\/uploads\/2025\/02\/IMG-20250228-WA0025-1-1024x880.jpg\" alt=\"\" class=\"wp-image-214\" srcset=\"https:\/\/facade-renovations.fr\/wp-content\/uploads\/2025\/02\/IMG-20250228-WA0025-1-1024x880.jpg 1024w, https:\/\/facade-renovations.fr\/wp-content\/uploads\/2025\/02\/IMG-20250228-WA0025-1-300x258.jpg 300w, https:\/\/facade-renovations.fr\/wp-content\/uploads\/2025\/02\/IMG-20250228-WA0025-1-768x660.jpg 768w, https:\/\/facade-renovations.fr\/wp-content\/uploads\/2025\/02\/IMG-20250228-WA0025-1-1536x1320.jpg 1536w, https:\/\/facade-renovations.fr\/wp-content\/uploads\/2025\/02\/IMG-20250228-WA0025-1.jpg 1600w\" sizes=\"auto, (max-width: 1024px) 100vw, 1024px\" \/><\/figure>\n<\/div>\n\n\n\n<div class=\"wp-block-column is-layout-flow wp-block-column-is-layout-flow\">\n<figure class=\"wp-block-image size-large\"><img loading=\"lazy\" decoding=\"async\" width=\"1024\" height=\"768\" src=\"https:\/\/facade-renovations.fr\/wp-content\/uploads\/2025\/02\/IMG-20250228-WA0024-2-1024x768.jpg\" alt=\"\" class=\"wp-image-215\" srcset=\"https:\/\/facade-renovations.fr\/wp-content\/uploads\/2025\/02\/IMG-20250228-WA0024-2-1024x768.jpg 1024w, https:\/\/facade-renovations.fr\/wp-content\/uploads\/2025\/02\/IMG-20250228-WA0024-2-300x225.jpg 300w, https:\/\/facade-renovations.fr\/wp-content\/uploads\/2025\/02\/IMG-20250228-WA0024-2-768x576.jpg 768w, https:\/\/facade-renovations.fr\/wp-content\/uploads\/2025\/02\/IMG-20250228-WA0024-2-1536x1152.jpg 1536w, https:\/\/facade-renovations.fr\/wp-content\/uploads\/2025\/02\/IMG-20250228-WA0024-2.jpg 1600w\" sizes=\"auto, (max-width: 1024px) 100vw, 1024px\" \/><\/figure>\n<\/div>\n<\/div>\n<\/div>\n<\/div>\n\n\n\n<figure class=\"wp-block-gallery has-nested-images columns-default is-cropped wp-block-gallery-1 is-layout-flex wp-block-gallery-is-layout-flex\">\n<figure class=\"wp-block-image size-large\"><img loading=\"lazy\" decoding=\"async\" width=\"768\" height=\"1024\" data-id=\"240\" src=\"https:\/\/facade-renovations.fr\/wp-content\/uploads\/2025\/04\/IMG-20250401-WA0006-768x1024.jpg\" alt=\"\" class=\"wp-image-240\" srcset=\"https:\/\/facade-renovations.fr\/wp-content\/uploads\/2025\/04\/IMG-20250401-WA0006-768x1024.jpg 768w, https:\/\/facade-renovations.fr\/wp-content\/uploads\/2025\/04\/IMG-20250401-WA0006-225x300.jpg 225w, https:\/\/facade-renovations.fr\/wp-content\/uploads\/2025\/04\/IMG-20250401-WA0006-1152x1536.jpg 1152w, https:\/\/facade-renovations.fr\/wp-content\/uploads\/2025\/04\/IMG-20250401-WA0006.jpg 1200w\" sizes=\"auto, (max-width: 768px) 100vw, 768px\" \/><\/figure>\n\n\n\n<figure class=\"wp-block-image size-large\"><img loading=\"lazy\" decoding=\"async\" width=\"768\" height=\"1024\" data-id=\"238\" src=\"https:\/\/facade-renovations.fr\/wp-content\/uploads\/2025\/04\/IMG-20250401-WA0004-768x1024.jpg\" alt=\"\" class=\"wp-image-238\" srcset=\"https:\/\/facade-renovations.fr\/wp-content\/uploads\/2025\/04\/IMG-20250401-WA0004-768x1024.jpg 768w, https:\/\/facade-renovations.fr\/wp-content\/uploads\/2025\/04\/IMG-20250401-WA0004-225x300.jpg 225w, https:\/\/facade-renovations.fr\/wp-content\/uploads\/2025\/04\/IMG-20250401-WA0004-1152x1536.jpg 1152w, https:\/\/facade-renovations.fr\/wp-content\/uploads\/2025\/04\/IMG-20250401-WA0004.jpg 1200w\" sizes=\"auto, (max-width: 768px) 100vw, 768px\" \/><\/figure>\n\n\n\n<figure class=\"wp-block-image size-large\"><img loading=\"lazy\" decoding=\"async\" width=\"768\" height=\"1024\" data-id=\"271\" src=\"https:\/\/facade-renovations.fr\/wp-content\/uploads\/2025\/04\/IMG-20250401-WA0037-768x1024.jpg\" alt=\"\" class=\"wp-image-271\" srcset=\"https:\/\/facade-renovations.fr\/wp-content\/uploads\/2025\/04\/IMG-20250401-WA0037-768x1024.jpg 768w, https:\/\/facade-renovations.fr\/wp-content\/uploads\/2025\/04\/IMG-20250401-WA0037-225x300.jpg 225w, https:\/\/facade-renovations.fr\/wp-content\/uploads\/2025\/04\/IMG-20250401-WA0037-1152x1536.jpg 1152w, https:\/\/facade-renovations.fr\/wp-content\/uploads\/2025\/04\/IMG-20250401-WA0037.jpg 1500w\" sizes=\"auto, (max-width: 768px) 100vw, 768px\" \/><\/figure>\n\n\n\n<figure class=\"wp-block-image size-large\"><img loading=\"lazy\" decoding=\"async\" width=\"768\" height=\"1024\" data-id=\"269\" src=\"https:\/\/facade-renovations.fr\/wp-content\/uploads\/2025\/04\/IMG-20250401-WA0035-768x1024.jpg\" alt=\"\" class=\"wp-image-269\" srcset=\"https:\/\/facade-renovations.fr\/wp-content\/uploads\/2025\/04\/IMG-20250401-WA0035-768x1024.jpg 768w, https:\/\/facade-renovations.fr\/wp-content\/uploads\/2025\/04\/IMG-20250401-WA0035-225x300.jpg 225w, https:\/\/facade-renovations.fr\/wp-content\/uploads\/2025\/04\/IMG-20250401-WA0035-1152x1536.jpg 1152w, https:\/\/facade-renovations.fr\/wp-content\/uploads\/2025\/04\/IMG-20250401-WA0035.jpg 1500w\" sizes=\"auto, (max-width: 768px) 100vw, 768px\" \/><\/figure>\n\n\n\n<figure class=\"wp-block-image size-large\"><img loading=\"lazy\" decoding=\"async\" width=\"768\" height=\"1024\" data-id=\"242\" src=\"https:\/\/facade-renovations.fr\/wp-content\/uploads\/2025\/04\/IMG-20250401-WA0008-768x1024.jpg\" alt=\"\" class=\"wp-image-242\" srcset=\"https:\/\/facade-renovations.fr\/wp-content\/uploads\/2025\/04\/IMG-20250401-WA0008-768x1024.jpg 768w, https:\/\/facade-renovations.fr\/wp-content\/uploads\/2025\/04\/IMG-20250401-WA0008-225x300.jpg 225w, https:\/\/facade-renovations.fr\/wp-content\/uploads\/2025\/04\/IMG-20250401-WA0008-1152x1536.jpg 1152w, https:\/\/facade-renovations.fr\/wp-content\/uploads\/2025\/04\/IMG-20250401-WA0008.jpg 1200w\" sizes=\"auto, (max-width: 768px) 100vw, 768px\" \/><\/figure>\n<\/figure>\n\n\n\n<figure class=\"wp-block-gallery has-nested-images columns-default is-cropped wp-block-gallery-2 is-layout-flex wp-block-gallery-is-layout-flex\">\n<figure class=\"wp-block-image size-large\"><img loading=\"lazy\" decoding=\"async\" width=\"1024\" height=\"768\" data-id=\"263\" src=\"https:\/\/facade-renovations.fr\/wp-content\/uploads\/2025\/04\/IMG-20250401-WA0029-1024x768.jpg\" alt=\"\" class=\"wp-image-263\" srcset=\"https:\/\/facade-renovations.fr\/wp-content\/uploads\/2025\/04\/IMG-20250401-WA0029-1024x768.jpg 1024w, https:\/\/facade-renovations.fr\/wp-content\/uploads\/2025\/04\/IMG-20250401-WA0029-300x225.jpg 300w, https:\/\/facade-renovations.fr\/wp-content\/uploads\/2025\/04\/IMG-20250401-WA0029-768x576.jpg 768w, https:\/\/facade-renovations.fr\/wp-content\/uploads\/2025\/04\/IMG-20250401-WA0029-1536x1152.jpg 1536w, https:\/\/facade-renovations.fr\/wp-content\/uploads\/2025\/04\/IMG-20250401-WA0029.jpg 1600w\" sizes=\"auto, (max-width: 1024px) 100vw, 1024px\" \/><\/figure>\n\n\n\n<figure class=\"wp-block-image size-large\"><img loading=\"lazy\" decoding=\"async\" width=\"1024\" height=\"768\" data-id=\"261\" src=\"https:\/\/facade-renovations.fr\/wp-content\/uploads\/2025\/04\/IMG-20250401-WA0027-1024x768.jpg\" alt=\"\" class=\"wp-image-261\" srcset=\"https:\/\/facade-renovations.fr\/wp-content\/uploads\/2025\/04\/IMG-20250401-WA0027-1024x768.jpg 1024w, https:\/\/facade-renovations.fr\/wp-content\/uploads\/2025\/04\/IMG-20250401-WA0027-300x225.jpg 300w, https:\/\/facade-renovations.fr\/wp-content\/uploads\/2025\/04\/IMG-20250401-WA0027-768x576.jpg 768w, https:\/\/facade-renovations.fr\/wp-content\/uploads\/2025\/04\/IMG-20250401-WA0027-1536x1152.jpg 1536w, https:\/\/facade-renovations.fr\/wp-content\/uploads\/2025\/04\/IMG-20250401-WA0027.jpg 1600w\" sizes=\"auto, (max-width: 1024px) 100vw, 1024px\" \/><\/figure>\n\n\n\n<figure class=\"wp-block-image size-large\"><img loading=\"lazy\" decoding=\"async\" width=\"1024\" height=\"768\" data-id=\"260\" src=\"https:\/\/facade-renovations.fr\/wp-content\/uploads\/2025\/04\/IMG-20250401-WA0026-1024x768.jpg\" alt=\"\" class=\"wp-image-260\" srcset=\"https:\/\/facade-renovations.fr\/wp-content\/uploads\/2025\/04\/IMG-20250401-WA0026-1024x768.jpg 1024w, https:\/\/facade-renovations.fr\/wp-content\/uploads\/2025\/04\/IMG-20250401-WA0026-300x225.jpg 300w, https:\/\/facade-renovations.fr\/wp-content\/uploads\/2025\/04\/IMG-20250401-WA0026-768x576.jpg 768w, https:\/\/facade-renovations.fr\/wp-content\/uploads\/2025\/04\/IMG-20250401-WA0026-1536x1152.jpg 1536w, https:\/\/facade-renovations.fr\/wp-content\/uploads\/2025\/04\/IMG-20250401-WA0026.jpg 1600w\" sizes=\"auto, (max-width: 1024px) 100vw, 1024px\" \/><\/figure>\n\n\n\n<figure class=\"wp-block-image size-large\"><img loading=\"lazy\" decoding=\"async\" width=\"1024\" height=\"768\" data-id=\"268\" src=\"https:\/\/facade-renovations.fr\/wp-content\/uploads\/2025\/04\/IMG-20250401-WA0034-1024x768.jpg\" alt=\"\" class=\"wp-image-268\" srcset=\"https:\/\/facade-renovations.fr\/wp-content\/uploads\/2025\/04\/IMG-20250401-WA0034-1024x768.jpg 1024w, https:\/\/facade-renovations.fr\/wp-content\/uploads\/2025\/04\/IMG-20250401-WA0034-300x225.jpg 300w, https:\/\/facade-renovations.fr\/wp-content\/uploads\/2025\/04\/IMG-20250401-WA0034-768x576.jpg 768w, https:\/\/facade-renovations.fr\/wp-content\/uploads\/2025\/04\/IMG-20250401-WA0034-1536x1152.jpg 1536w, https:\/\/facade-renovations.fr\/wp-content\/uploads\/2025\/04\/IMG-20250401-WA0034.jpg 1600w\" sizes=\"auto, (max-width: 1024px) 100vw, 1024px\" \/><\/figure>\n\n\n\n<figure class=\"wp-block-image size-large\"><img loading=\"lazy\" decoding=\"async\" width=\"1024\" height=\"768\" data-id=\"267\" src=\"https:\/\/facade-renovations.fr\/wp-content\/uploads\/2025\/04\/IMG-20250401-WA0033-1024x768.jpg\" alt=\"\" class=\"wp-image-267\" srcset=\"https:\/\/facade-renovations.fr\/wp-content\/uploads\/2025\/04\/IMG-20250401-WA0033-1024x768.jpg 1024w, https:\/\/facade-renovations.fr\/wp-content\/uploads\/2025\/04\/IMG-20250401-WA0033-300x225.jpg 300w, https:\/\/facade-renovations.fr\/wp-content\/uploads\/2025\/04\/IMG-20250401-WA0033-768x576.jpg 768w, https:\/\/facade-renovations.fr\/wp-content\/uploads\/2025\/04\/IMG-20250401-WA0033-1536x1152.jpg 1536w, https:\/\/facade-renovations.fr\/wp-content\/uploads\/2025\/04\/IMG-20250401-WA0033.jpg 1600w\" sizes=\"auto, (max-width: 1024px) 100vw, 1024px\" \/><\/figure>\n\n\n\n<figure class=\"wp-block-image size-large\"><img loading=\"lazy\" decoding=\"async\" width=\"1024\" height=\"768\" data-id=\"265\" src=\"https:\/\/facade-renovations.fr\/wp-content\/uploads\/2025\/04\/IMG-20250401-WA0031-1024x768.jpg\" alt=\"\" class=\"wp-image-265\" srcset=\"https:\/\/facade-renovations.fr\/wp-content\/uploads\/2025\/04\/IMG-20250401-WA0031-1024x768.jpg 1024w, https:\/\/facade-renovations.fr\/wp-content\/uploads\/2025\/04\/IMG-20250401-WA0031-300x225.jpg 300w, https:\/\/facade-renovations.fr\/wp-content\/uploads\/2025\/04\/IMG-20250401-WA0031-768x576.jpg 768w, https:\/\/facade-renovations.fr\/wp-content\/uploads\/2025\/04\/IMG-20250401-WA0031-1536x1152.jpg 1536w, https:\/\/facade-renovations.fr\/wp-content\/uploads\/2025\/04\/IMG-20250401-WA0031.jpg 1600w\" sizes=\"auto, (max-width: 1024px) 100vw, 1024px\" \/><\/figure>\n<\/figure>\n","protected":false},"excerpt":{"rendered":"<p>Une Seconde Vie pour Votre B\u00e2timent Un ravalement r\u00e9ussi am\u00e9liore l\u2019apparence de votre bien tout en renfor\u00e7ant sa r\u00e9sistance. Nous r\u00e9alisons :\u2714 Application d\u2019enduits sp\u00e9cifiques (chaux, monocouche, gratt\u00e9, projet\u00e9) adapt\u00e9s \u00e0 votre fa\u00e7ade.\u2714 R\u00e9paration des fissures pour une structure plus r\u00e9sistante.\u2714 Peinture et rev\u00eatements de protection assurant une finition impeccable et une meilleure long\u00e9vit\u00e9.<\/p>\n","protected":false},"author":1,"featured_media":0,"parent":0,"menu_order":0,"comment_status":"closed","ping_status":"closed","template":"","meta":{"footnotes":""},"class_list":["post-117","page","type-page","status-publish","hentry"],"_links":{"self":[{"href":"https:\/\/facade-renovations.fr\/index.php?rest_route=\/wp\/v2\/pages\/117","targetHints":{"allow":["GET"]}}],"collection":[{"href":"https:\/\/facade-renovations.fr\/index.php?rest_route=\/wp\/v2\/pages"}],"about":[{"href":"https:\/\/facade-renovations.fr\/index.php?rest_route=\/wp\/v2\/types\/page"}],"author":[{"embeddable":true,"href":"https:\/\/facade-renovations.fr\/index.php?rest_route=\/wp\/v2\/users\/1"}],"replies":[{"embeddable":true,"href":"https:\/\/facade-renovations.fr\/index.php?rest_route=%2Fwp%2Fv2%2Fcomments&post=117"}],"version-history":[{"count":7,"href":"https:\/\/facade-renovations.fr\/index.php?rest_route=\/wp\/v2\/pages\/117\/revisions"}],"predecessor-version":[{"id":343,"href":"https:\/\/facade-renovations.fr\/index.php?rest_route=\/wp\/v2\/pages\/117\/revisions\/343"}],"wp:attachment":[{"href":"https:\/\/facade-renovations.fr\/index.php?rest_route=%2Fwp%2Fv2%2Fmedia&parent=117"}],"curies":[{"name":"wp","href":"https:\/\/api.w.org\/{rel}","templated":true}]}}