{"id":114,"date":"2025-02-23T22:39:59","date_gmt":"2025-02-23T21:39:59","guid":{"rendered":"https:\/\/facade-renovations.fr\/?page_id=114"},"modified":"2025-04-01T10:57:30","modified_gmt":"2025-04-01T08:57:30","slug":"rejointoiement-des-facades-en-brique-redonnez-du-cachet-a-votre-bien","status":"publish","type":"page","link":"https:\/\/facade-renovations.fr\/?page_id=114","title":{"rendered":"Rejointoiement Fa\u00e7ades"},"content":{"rendered":"\n<div style=\"height:100px\" aria-hidden=\"true\" class=\"wp-block-spacer\"><\/div>\n\n\n\n<div style=\"height:100px\" aria-hidden=\"true\" class=\"wp-block-spacer\"><\/div>\n\n\n\n<p class=\"has-medium-font-size\"><strong>Redonnez du Cachet \u00e0 votre Bien<\/strong><\/p>\n\n\n\n<div class=\"wp-block-columns is-layout-flex wp-container-core-columns-is-layout-9d6595d7 wp-block-columns-is-layout-flex\">\n<div class=\"wp-block-column is-layout-flow wp-block-column-is-layout-flow\">\n<p>Le rejointoiement est une op\u00e9ration essentielle pour assurer <strong>l\u2019esth\u00e9tique et la long\u00e9vit\u00e9<\/strong> de votre fa\u00e7ade. Avec le temps, les joints s\u2019effritent, favorisant les infiltrations d\u2019eau et la d\u00e9t\u00e9rioration des briques. <strong>Renov Fa\u00e7ade<\/strong> vous propose un service complet :<br>\u2714 <strong>D\u00e9jointoiement<\/strong> : Retrait minutieux des anciens joints ab\u00eem\u00e9s pour garantir une meilleure adh\u00e9rence.<br>\u2714 <strong>Application de nouveaux joints sur mesure<\/strong> :<\/p>\n\n\n\n<ul class=\"wp-block-list\">\n<li>Joints traditionnels \u00e0 la chaux pour un aspect authentique et respirant.<\/li>\n\n\n\n<li>Joints en mortier ton sur ton ou contrast\u00e9 pour mettre en valeur l\u2019architecture de votre fa\u00e7ade.<\/li>\n\n\n\n<li>Finition lisse, bross\u00e9e ou creus\u00e9e selon votre pr\u00e9f\u00e9rence esth\u00e9tique.<br>\u2714 <strong>Protection et imperm\u00e9abilisation<\/strong> : Nos traitements hydrofuges prolongent la dur\u00e9e de vie de vos joints et prot\u00e8gent contre les agressions ext\u00e9rieures.<\/li>\n<\/ul>\n<\/div>\n\n\n\n<div class=\"wp-block-column is-layout-flow wp-block-column-is-layout-flow\"><\/div>\n<\/div>\n\n\n\n<div class=\"wp-block-columns is-layout-flex wp-container-core-columns-is-layout-9d6595d7 wp-block-columns-is-layout-flex\">\n<div class=\"wp-block-column is-layout-flow wp-block-column-is-layout-flow\">\n<div class=\"wp-block-columns is-layout-flex wp-container-core-columns-is-layout-9d6595d7 wp-block-columns-is-layout-flex\">\n<div class=\"wp-block-column is-layout-flow wp-block-column-is-layout-flow\">\n<figure class=\"wp-block-image size-large\"><img loading=\"lazy\" decoding=\"async\" width=\"768\" height=\"1024\" src=\"http:\/\/facade-renovations.fr\/wp-content\/uploads\/2025\/04\/IMG-20250401-WA0054-768x1024.jpg\" alt=\"\" class=\"wp-image-288\" srcset=\"https:\/\/facade-renovations.fr\/wp-content\/uploads\/2025\/04\/IMG-20250401-WA0054-768x1024.jpg 768w, https:\/\/facade-renovations.fr\/wp-content\/uploads\/2025\/04\/IMG-20250401-WA0054-225x300.jpg 225w, https:\/\/facade-renovations.fr\/wp-content\/uploads\/2025\/04\/IMG-20250401-WA0054-1152x1536.jpg 1152w, https:\/\/facade-renovations.fr\/wp-content\/uploads\/2025\/04\/IMG-20250401-WA0054.jpg 1200w\" sizes=\"auto, (max-width: 768px) 100vw, 768px\" \/><\/figure>\n<\/div>\n<\/div>\n<\/div>\n\n\n\n<div class=\"wp-block-column is-layout-flow wp-block-column-is-layout-flow\">\n<div class=\"wp-block-columns is-layout-flex wp-container-core-columns-is-layout-9d6595d7 wp-block-columns-is-layout-flex\">\n<div class=\"wp-block-column is-layout-flow wp-block-column-is-layout-flow\"><\/div>\n\n\n\n<div class=\"wp-block-column is-layout-flow wp-block-column-is-layout-flow\"><\/div>\n<\/div>\n<\/div>\n<\/div>\n","protected":false},"excerpt":{"rendered":"<p>Redonnez du Cachet \u00e0 votre Bien Le rejointoiement est une op\u00e9ration essentielle pour assurer l\u2019esth\u00e9tique et la long\u00e9vit\u00e9 de votre fa\u00e7ade. Avec le temps, les joints s\u2019effritent, favorisant les infiltrations d\u2019eau et la d\u00e9t\u00e9rioration des briques. Renov Fa\u00e7ade vous propose un service complet :\u2714 D\u00e9jointoiement : Retrait minutieux des anciens joints ab\u00eem\u00e9s pour garantir une [&hellip;]<\/p>\n","protected":false},"author":1,"featured_media":0,"parent":0,"menu_order":0,"comment_status":"closed","ping_status":"closed","template":"","meta":{"footnotes":""},"class_list":["post-114","page","type-page","status-publish","hentry"],"_links":{"self":[{"href":"https:\/\/facade-renovations.fr\/index.php?rest_route=\/wp\/v2\/pages\/114","targetHints":{"allow":["GET"]}}],"collection":[{"href":"https:\/\/facade-renovations.fr\/index.php?rest_route=\/wp\/v2\/pages"}],"about":[{"href":"https:\/\/facade-renovations.fr\/index.php?rest_route=\/wp\/v2\/types\/page"}],"author":[{"embeddable":true,"href":"https:\/\/facade-renovations.fr\/index.php?rest_route=\/wp\/v2\/users\/1"}],"replies":[{"embeddable":true,"href":"https:\/\/facade-renovations.fr\/index.php?rest_route=%2Fwp%2Fv2%2Fcomments&post=114"}],"version-history":[{"count":7,"href":"https:\/\/facade-renovations.fr\/index.php?rest_route=\/wp\/v2\/pages\/114\/revisions"}],"predecessor-version":[{"id":318,"href":"https:\/\/facade-renovations.fr\/index.php?rest_route=\/wp\/v2\/pages\/114\/revisions\/318"}],"wp:attachment":[{"href":"https:\/\/facade-renovations.fr\/index.php?rest_route=%2Fwp%2Fv2%2Fmedia&parent=114"}],"curies":[{"name":"wp","href":"https:\/\/api.w.org\/{rel}","templated":true}]}}