{"id":112,"date":"2025-02-23T22:38:30","date_gmt":"2025-02-23T21:38:30","guid":{"rendered":"https:\/\/facade-renovations.fr\/?page_id=112"},"modified":"2025-04-02T11:29:19","modified_gmt":"2025-04-02T09:29:19","slug":"nettoyage-et-traitement-des-facades-offrez-une-nouvelle-jeunesse-a-vos-murs","status":"publish","type":"page","link":"https:\/\/facade-renovations.fr\/?page_id=112","title":{"rendered":"Sablage Nettoyage Traitement Fa\u00e7ades"},"content":{"rendered":"\n<div style=\"height:100px\" aria-hidden=\"true\" class=\"wp-block-spacer\"><\/div>\n\n\n\n<div style=\"height:100px\" aria-hidden=\"true\" class=\"wp-block-spacer\"><\/div>\n\n\n\n<p><\/p>\n\n\n\n<div class=\"wp-block-columns is-layout-flex wp-container-core-columns-is-layout-9d6595d7 wp-block-columns-is-layout-flex\">\n<div class=\"wp-block-column is-layout-flow wp-block-column-is-layout-flow\">\n<p class=\"has-medium-font-size\"><strong> Offrez une Nouvelle Jeunesse \u00e0 vos Murs<\/strong> <strong>et supports<\/strong><\/p>\n\n\n\n<p>Avec le temps, la pollution, les intemp\u00e9ries et l\u2019humidit\u00e9 alt\u00e8rent l\u2019apparence et la r\u00e9sistance de votre fa\u00e7ade. Nous proposons plusieurs solutions adapt\u00e9es \u00e0 chaque type de mat\u00e9riau :<br>\u2714 <strong>Nettoyage haute ou basse pression<\/strong> : \u00c9limine efficacement les salissures sans ab\u00eemer la surface.<br>\u2714 <strong>Hydrogommage et a\u00e9rogommage<\/strong> : Techniques douces id\u00e9ales pour pr\u00e9server les fa\u00e7ades anciennes et d\u00e9licates.<br>\u2714 <strong>Traitement anti-mousse et fongicide<\/strong> : Prot\u00e8ge durablement contre les moisissures, lichens et champignons.<\/p>\n\n\n\n<p>\u2714<strong>Sablage tout type de supports<\/strong>: Briques, fer, bois &#8230;.<\/p>\n<\/div>\n\n\n\n<div class=\"wp-block-column is-layout-flow wp-block-column-is-layout-flow\"><\/div>\n<\/div>\n\n\n\n<div class=\"wp-block-columns is-layout-flex wp-container-core-columns-is-layout-9d6595d7 wp-block-columns-is-layout-flex\">\n<div class=\"wp-block-column is-layout-flow wp-block-column-is-layout-flow\">\n<div class=\"wp-block-columns is-layout-flex wp-container-core-columns-is-layout-9d6595d7 wp-block-columns-is-layout-flex\">\n<div class=\"wp-block-column is-layout-flow wp-block-column-is-layout-flow\">\n<figure class=\"wp-block-video\"><video height=\"850\" style=\"aspect-ratio: 478 \/ 850;\" width=\"478\" controls src=\"https:\/\/facade-renovations.fr\/wp-content\/uploads\/2025\/02\/Nettoyage-sablage-brique-du-nord.mp4\"><\/video><\/figure>\n<\/div>\n\n\n\n<div class=\"wp-block-column is-layout-flow wp-block-column-is-layout-flow\"><\/div>\n<\/div>\n<\/div>\n\n\n\n<div class=\"wp-block-column is-layout-flow wp-block-column-is-layout-flow\">\n<div class=\"wp-block-columns is-layout-flex wp-container-core-columns-is-layout-9d6595d7 wp-block-columns-is-layout-flex\">\n<div class=\"wp-block-column is-layout-flow wp-block-column-is-layout-flow\"><\/div>\n\n\n\n<div class=\"wp-block-column is-layout-flow wp-block-column-is-layout-flow\"><\/div>\n<\/div>\n<\/div>\n<\/div>\n\n\n\n<figure class=\"wp-block-gallery has-nested-images columns-default is-cropped wp-block-gallery-1 is-layout-flex wp-block-gallery-is-layout-flex\">\n<figure class=\"wp-block-image size-large\"><img loading=\"lazy\" decoding=\"async\" width=\"1024\" height=\"880\" data-id=\"214\" src=\"https:\/\/facade-renovations.fr\/wp-content\/uploads\/2025\/02\/IMG-20250228-WA0025-1-1024x880.jpg\" alt=\"\" class=\"wp-image-214\" srcset=\"https:\/\/facade-renovations.fr\/wp-content\/uploads\/2025\/02\/IMG-20250228-WA0025-1-1024x880.jpg 1024w, https:\/\/facade-renovations.fr\/wp-content\/uploads\/2025\/02\/IMG-20250228-WA0025-1-300x258.jpg 300w, https:\/\/facade-renovations.fr\/wp-content\/uploads\/2025\/02\/IMG-20250228-WA0025-1-768x660.jpg 768w, https:\/\/facade-renovations.fr\/wp-content\/uploads\/2025\/02\/IMG-20250228-WA0025-1-1536x1320.jpg 1536w, https:\/\/facade-renovations.fr\/wp-content\/uploads\/2025\/02\/IMG-20250228-WA0025-1.jpg 1600w\" sizes=\"auto, (max-width: 1024px) 100vw, 1024px\" \/><\/figure>\n\n\n\n<figure class=\"wp-block-image size-large\"><img loading=\"lazy\" decoding=\"async\" width=\"1024\" height=\"768\" data-id=\"215\" src=\"https:\/\/facade-renovations.fr\/wp-content\/uploads\/2025\/02\/IMG-20250228-WA0024-2-1024x768.jpg\" alt=\"\" class=\"wp-image-215\" srcset=\"https:\/\/facade-renovations.fr\/wp-content\/uploads\/2025\/02\/IMG-20250228-WA0024-2-1024x768.jpg 1024w, https:\/\/facade-renovations.fr\/wp-content\/uploads\/2025\/02\/IMG-20250228-WA0024-2-300x225.jpg 300w, https:\/\/facade-renovations.fr\/wp-content\/uploads\/2025\/02\/IMG-20250228-WA0024-2-768x576.jpg 768w, https:\/\/facade-renovations.fr\/wp-content\/uploads\/2025\/02\/IMG-20250228-WA0024-2-1536x1152.jpg 1536w, https:\/\/facade-renovations.fr\/wp-content\/uploads\/2025\/02\/IMG-20250228-WA0024-2.jpg 1600w\" sizes=\"auto, (max-width: 1024px) 100vw, 1024px\" \/><\/figure>\n\n\n\n<figure class=\"wp-block-image size-large\"><img loading=\"lazy\" decoding=\"async\" width=\"1024\" height=\"768\" data-id=\"251\" src=\"https:\/\/facade-renovations.fr\/wp-content\/uploads\/2025\/04\/IMG-20250401-WA0017-1024x768.jpg\" alt=\"\" class=\"wp-image-251\" srcset=\"https:\/\/facade-renovations.fr\/wp-content\/uploads\/2025\/04\/IMG-20250401-WA0017-1024x768.jpg 1024w, https:\/\/facade-renovations.fr\/wp-content\/uploads\/2025\/04\/IMG-20250401-WA0017-300x225.jpg 300w, https:\/\/facade-renovations.fr\/wp-content\/uploads\/2025\/04\/IMG-20250401-WA0017-768x576.jpg 768w, https:\/\/facade-renovations.fr\/wp-content\/uploads\/2025\/04\/IMG-20250401-WA0017-1536x1152.jpg 1536w, https:\/\/facade-renovations.fr\/wp-content\/uploads\/2025\/04\/IMG-20250401-WA0017.jpg 1600w\" sizes=\"auto, (max-width: 1024px) 100vw, 1024px\" \/><\/figure>\n\n\n\n<figure class=\"wp-block-image size-large\"><img loading=\"lazy\" decoding=\"async\" width=\"1024\" height=\"768\" data-id=\"249\" src=\"https:\/\/facade-renovations.fr\/wp-content\/uploads\/2025\/04\/IMG-20250401-WA0015-1024x768.jpg\" alt=\"\" class=\"wp-image-249\" srcset=\"https:\/\/facade-renovations.fr\/wp-content\/uploads\/2025\/04\/IMG-20250401-WA0015-1024x768.jpg 1024w, https:\/\/facade-renovations.fr\/wp-content\/uploads\/2025\/04\/IMG-20250401-WA0015-300x225.jpg 300w, https:\/\/facade-renovations.fr\/wp-content\/uploads\/2025\/04\/IMG-20250401-WA0015-768x576.jpg 768w, https:\/\/facade-renovations.fr\/wp-content\/uploads\/2025\/04\/IMG-20250401-WA0015-1536x1152.jpg 1536w, https:\/\/facade-renovations.fr\/wp-content\/uploads\/2025\/04\/IMG-20250401-WA0015.jpg 1600w\" sizes=\"auto, (max-width: 1024px) 100vw, 1024px\" \/><\/figure>\n<\/figure>\n","protected":false},"excerpt":{"rendered":"<p>Offrez une Nouvelle Jeunesse \u00e0 vos Murs et supports Avec le temps, la pollution, les intemp\u00e9ries et l\u2019humidit\u00e9 alt\u00e8rent l\u2019apparence et la r\u00e9sistance de votre fa\u00e7ade. Nous proposons plusieurs solutions adapt\u00e9es \u00e0 chaque type de mat\u00e9riau :\u2714 Nettoyage haute ou basse pression : \u00c9limine efficacement les salissures sans ab\u00eemer la surface.\u2714 Hydrogommage et a\u00e9rogommage : [&hellip;]<\/p>\n","protected":false},"author":1,"featured_media":0,"parent":0,"menu_order":0,"comment_status":"closed","ping_status":"closed","template":"","meta":{"footnotes":""},"class_list":["post-112","page","type-page","status-publish","hentry"],"_links":{"self":[{"href":"https:\/\/facade-renovations.fr\/index.php?rest_route=\/wp\/v2\/pages\/112","targetHints":{"allow":["GET"]}}],"collection":[{"href":"https:\/\/facade-renovations.fr\/index.php?rest_route=\/wp\/v2\/pages"}],"about":[{"href":"https:\/\/facade-renovations.fr\/index.php?rest_route=\/wp\/v2\/types\/page"}],"author":[{"embeddable":true,"href":"https:\/\/facade-renovations.fr\/index.php?rest_route=\/wp\/v2\/users\/1"}],"replies":[{"embeddable":true,"href":"https:\/\/facade-renovations.fr\/index.php?rest_route=%2Fwp%2Fv2%2Fcomments&post=112"}],"version-history":[{"count":11,"href":"https:\/\/facade-renovations.fr\/index.php?rest_route=\/wp\/v2\/pages\/112\/revisions"}],"predecessor-version":[{"id":327,"href":"https:\/\/facade-renovations.fr\/index.php?rest_route=\/wp\/v2\/pages\/112\/revisions\/327"}],"wp:attachment":[{"href":"https:\/\/facade-renovations.fr\/index.php?rest_route=%2Fwp%2Fv2%2Fmedia&parent=112"}],"curies":[{"name":"wp","href":"https:\/\/api.w.org\/{rel}","templated":true}]}}